{"id":26020,"date":"2023-02-09T14:49:33","date_gmt":"2023-02-09T18:49:33","guid":{"rendered":"https:\/\/www.ifop.cl\/?page_id=26020"},"modified":"2026-02-27T13:28:16","modified_gmt":"2026-02-27T16:28:16","slug":"descarga-datos","status":"publish","type":"page","link":"https:\/\/sapo.ifop.cl\/en\/descarga-datos\/","title":{"rendered":"Descarga Datos"},"content":{"rendered":"<div class=\"sapo-datos-wrapper\">\n<p class=\"sapo-intro\">\n        En esta secci\u00f3n podr\u00e1s descargar los datos base que se presentan en los sistemas de cambio clim\u00e1tico:\n    <\/p>\n<h3 class=\"sapo-section-title\">Capas Sistema SIG<\/h3>\n<div class=\"sapo-cards-grid\">\n<p>        <a href=\"https:\/\/sapogis.ifop.cl\/nc\/TSM.nc\" class=\"sapo-card\" target=\"_blank\" rel=\"noopener\"><br \/>\n            <span class=\"card-title\">TSM<\/span><br \/>\n        <\/a><\/p>\n<p>        <a href=\"https:\/\/sapogis.ifop.cl\/nc\/ATSM.nc\" class=\"sapo-card\" target=\"_blank\" rel=\"noopener\"><br \/>\n            <span class=\"card-title\">Anomal\u00eda TSM<\/span><br \/>\n        <\/a><\/p>\n<p>        <a href=\"https:\/\/sapogis.ifop.cl\/nc\/CLO.nc\" class=\"sapo-card\" target=\"_blank\" rel=\"noopener\"><br \/>\n            <span class=\"card-title\">Clorofila<\/span><br \/>\n        <\/a><\/p><\/div>\n<h3 class=\"sapo-section-title\">Estaciones Meteorol\u00f3gicas<\/h3>\n<div class=\"sapo-cards-grid\">\n    <a href=\"https:\/\/sapogis.ifop.cl\/estaciones\/004.csv\" class=\"sapo-card\" target=\"_blank\" rel=\"noopener\"><br \/>\n        <span class=\"card-title\">Isla Alacr\u00e1n, Regi\u00f3n de Arica y Parinacota<\/span><br \/>\n    <\/a><br \/>\n    <a href=\"https:\/\/sapogis.ifop.cl\/estaciones\/003.csv\" class=\"sapo-card\" target=\"_blank\" rel=\"noopener\"><br \/>\n        <span class=\"card-title\">Caleta Chipana, Regi\u00f3n de Tarapac\u00e1<\/span><br \/>\n    <\/a><br \/>\n    <a href=\"https:\/\/sapogis.ifop.cl\/estaciones\/005.csv\" class=\"sapo-card\" target=\"_blank\" rel=\"noopener\"><br \/>\n        <span class=\"card-title\">Punta Tetas, Regi\u00f3n de Antofagasta<\/span><br \/>\n    <\/a><br \/>\n    <a href=\"https:\/\/sapogis.ifop.cl\/estaciones\/101.csv\" class=\"sapo-card\" target=\"_blank\" rel=\"noopener\"><br \/>\n        <span class=\"card-title\">Calama, Regi\u00f3n de Antofagasta<\/span><br \/>\n    <\/a><br \/>\n    <a href=\"https:\/\/sapogis.ifop.cl\/estaciones\/011.csv\" class=\"sapo-card\" target=\"_blank\" rel=\"noopener\"><br \/>\n        <span class=\"card-title\">Caldera, Regi\u00f3n de Atacama<\/span><br \/>\n    <\/a><br \/>\n    <a href=\"https:\/\/sapogis.ifop.cl\/estaciones\/102.csv\" class=\"sapo-card\" target=\"_blank\" rel=\"noopener\"><br \/>\n        <span class=\"card-title\">El Carmen, Regi\u00f3n de Atacama<\/span><br \/>\n    <\/a><br \/>\n    <a href=\"https:\/\/sapogis.ifop.cl\/estaciones\/012.csv\" class=\"sapo-card\" target=\"_blank\" rel=\"noopener\"><br \/>\n        <span class=\"card-title\">Punta Lengua de Vaca, Regi\u00f3n de Coquimbo<\/span><br \/>\n    <\/a><br \/>\n    <a href=\"https:\/\/sapogis.ifop.cl\/estaciones\/103.csv\" class=\"sapo-card\" target=\"_blank\" rel=\"noopener\"><br \/>\n        <span class=\"card-title\">Sotaqu\u00ed, Regi\u00f3n de Coquimbo<\/span><br \/>\n    <\/a><br \/>\n    <a href=\"https:\/\/sapogis.ifop.cl\/estaciones\/104.csv\" class=\"sapo-card\" target=\"_blank\" rel=\"noopener\"><br \/>\n        <span class=\"card-title\">Ovalle, Regi\u00f3n de Coquimbo<\/span><br \/>\n    <\/a><br \/>\n    <a href=\"https:\/\/sapogis.ifop.cl\/estaciones\/106.csv\" class=\"sapo-card\" target=\"_blank\" rel=\"noopener\"><br \/>\n        <span class=\"card-title\">Graneros, Regi\u00f3n de Coquimbo<\/span><br \/>\n    <\/a><br \/>\n    <a href=\"https:\/\/sapogis.ifop.cl\/estaciones\/107.csv\" class=\"sapo-card\" target=\"_blank\" rel=\"noopener\"><br \/>\n        <span class=\"card-title\">Agua Amarilla, Regi\u00f3n de Coquimbo<\/span><br \/>\n    <\/a><br \/>\n    <a href=\"https:\/\/sapogis.ifop.cl\/estaciones\/006.csv\" class=\"sapo-card\" target=\"_blank\" rel=\"noopener\"><br \/>\n        <span class=\"card-title\">Topocalma, Regi\u00f3n de Valpara\u00edso<\/span><br \/>\n    <\/a><br \/>\n    <a href=\"https:\/\/sapogis.ifop.cl\/estaciones\/020.csv\" class=\"sapo-card\" target=\"_blank\" rel=\"noopener\"><br \/>\n        <span class=\"card-title\">Miraflores Alto, Vi\u00f1a del Mar, Regi\u00f3n de Valpara\u00edso<\/span><br \/>\n    <\/a><br \/>\n    <a href=\"https:\/\/sapogis.ifop.cl\/estaciones\/105.csv\" class=\"sapo-card\" target=\"_blank\" rel=\"noopener\"><br \/>\n        <span class=\"card-title\">La Greda, Regi\u00f3n de Valpara\u00edso<\/span><br \/>\n    <\/a><br \/>\n    <a href=\"https:\/\/sapogis.ifop.cl\/estaciones\/108.csv\" class=\"sapo-card\" target=\"_blank\" rel=\"noopener\"><br \/>\n        <span class=\"card-title\">Los Molles, Regi\u00f3n de Valpara\u00edso<\/span><br \/>\n    <\/a><br \/>\n    <a href=\"https:\/\/sapogis.ifop.cl\/estaciones\/109.csv\" class=\"sapo-card\" target=\"_blank\" rel=\"noopener\"><br \/>\n        <span class=\"card-title\">Papudo, Regi\u00f3n de Valpara\u00edso<\/span><br \/>\n    <\/a><br \/>\n    <a href=\"https:\/\/sapogis.ifop.cl\/estaciones\/110.csv\" class=\"sapo-card\" target=\"_blank\" rel=\"noopener\"><br \/>\n        <span class=\"card-title\">Quintero, Regi\u00f3n de Valpara\u00edso<\/span><br \/>\n    <\/a><br \/>\n    <a href=\"https:\/\/sapogis.ifop.cl\/estaciones\/001.csv\" class=\"sapo-card\" target=\"_blank\" rel=\"noopener\"><br \/>\n        <span class=\"card-title\">Caleta Coliumo, Regi\u00f3n del Biob\u00edo<\/span><br \/>\n    <\/a><br \/>\n    <a href=\"https:\/\/sapogis.ifop.cl\/estaciones\/013.csv\" class=\"sapo-card\" target=\"_blank\" rel=\"noopener\"><br \/>\n        <span class=\"card-title\">Punta Lavapi\u00e9, Regi\u00f3n del Biob\u00edo<\/span><br \/>\n    <\/a><br \/>\n    <a href=\"https:\/\/sapogis.ifop.cl\/estaciones\/018.csv\" class=\"sapo-card\" target=\"_blank\" rel=\"noopener\"><br \/>\n        <span class=\"card-title\">Chaihu\u00edn, Regi\u00f3n de Los R\u00edos<\/span><br \/>\n    <\/a><br \/>\n    <a href=\"https:\/\/sapogis.ifop.cl\/estaciones\/002.csv\" class=\"sapo-card\" target=\"_blank\" rel=\"noopener\"><br \/>\n        <span class=\"card-title\">Caleta El Manzano, Regi\u00f3n de Los Lagos<\/span><br \/>\n    <\/a><br \/>\n    <a href=\"https:\/\/sapogis.ifop.cl\/estaciones\/007.csv\" class=\"sapo-card\" target=\"_blank\" rel=\"noopener\"><br \/>\n        <span class=\"card-title\">Puerto Montt, Regi\u00f3n de Los Lagos<\/span><br \/>\n    <\/a><br \/>\n    <a href=\"https:\/\/sapogis.ifop.cl\/estaciones\/008.csv\" class=\"sapo-card\" target=\"_blank\" rel=\"noopener\"><br \/>\n        <span class=\"card-title\">Isla Marimelli, Regi\u00f3n de Los Lagos<\/span><br \/>\n    <\/a><br \/>\n    <a href=\"https:\/\/sapogis.ifop.cl\/estaciones\/009.csv\" class=\"sapo-card\" target=\"_blank\" rel=\"noopener\"><br \/>\n        <span class=\"card-title\">Isla Tranqui, Regi\u00f3n de Los Lagos<\/span><br \/>\n    <\/a><br \/>\n    <a href=\"https:\/\/sapogis.ifop.cl\/estaciones\/010.csv\" class=\"sapo-card\" target=\"_blank\" rel=\"noopener\"><br \/>\n        <span class=\"card-title\">Vilipulli Gill, Regi\u00f3n de Los Lagos<\/span><br \/>\n    <\/a><br \/>\n    <a href=\"https:\/\/sapogis.ifop.cl\/estaciones\/014.csv\" class=\"sapo-card\" target=\"_blank\" rel=\"noopener\"><br \/>\n        <span class=\"card-title\">Caleta Huinay, Regi\u00f3n de Los Lagos<\/span><br \/>\n    <\/a><br \/>\n    <a href=\"https:\/\/sapogis.ifop.cl\/estaciones\/015.csv\" class=\"sapo-card\" target=\"_blank\" rel=\"noopener\"><br \/>\n        <span class=\"card-title\">Apiao, Regi\u00f3n de Los Lagos<\/span><br \/>\n    <\/a><br \/>\n    <a href=\"https:\/\/sapogis.ifop.cl\/estaciones\/016.csv\" class=\"sapo-card\" target=\"_blank\" rel=\"noopener\"><br \/>\n        <span class=\"card-title\">Cucao, Regi\u00f3n de Los Lagos<\/span><br \/>\n    <\/a><br \/>\n    <a href=\"https:\/\/sapogis.ifop.cl\/estaciones\/017.csv\" class=\"sapo-card\" target=\"_blank\" rel=\"noopener\"><br \/>\n        <span class=\"card-title\">Melinka, Regi\u00f3n de Ays\u00e9n<\/span><br \/>\n    <\/a><br \/>\n    <a href=\"https:\/\/sapogis.ifop.cl\/estaciones\/030.csv\" class=\"sapo-card\" target=\"_blank\" rel=\"noopener\"><br \/>\n        <span class=\"card-title\">Isla Riesco, Regi\u00f3n de Magallanes<\/span><br \/>\n    <\/a>\n<\/div>\n","protected":false},"excerpt":{"rendered":"<p>En esta secci\u00f3n podr\u00e1s descargar los datos base que se presentan en los sistemas de cambio clim\u00e1tico: Capas Sistema SIG TSM Anomal\u00eda TSM Clorofila Estaciones Meteorol\u00f3gicas Isla Alacr\u00e1n, Regi\u00f3n de Arica y Parinacota Caleta Chipana, Regi\u00f3n de Tarapac\u00e1 Punta Tetas, Regi\u00f3n de Antofagasta Calama, Regi\u00f3n de Antofagasta Caldera, Regi\u00f3n de Atacama El Carmen, Regi\u00f3n de [&hellip;]<\/p>\n","protected":false},"author":2,"featured_media":0,"parent":0,"menu_order":0,"comment_status":"closed","ping_status":"closed","template":"plantilla_contenido_SAPO.php","meta":{"footnotes":""},"_links":{"self":[{"href":"https:\/\/sapo.ifop.cl\/en\/wp-json\/wp\/v2\/pages\/26020"}],"collection":[{"href":"https:\/\/sapo.ifop.cl\/en\/wp-json\/wp\/v2\/pages"}],"about":[{"href":"https:\/\/sapo.ifop.cl\/en\/wp-json\/wp\/v2\/types\/page"}],"author":[{"embeddable":true,"href":"https:\/\/sapo.ifop.cl\/en\/wp-json\/wp\/v2\/users\/2"}],"replies":[{"embeddable":true,"href":"https:\/\/sapo.ifop.cl\/en\/wp-json\/wp\/v2\/comments?post=26020"}],"version-history":[{"count":10,"href":"https:\/\/sapo.ifop.cl\/en\/wp-json\/wp\/v2\/pages\/26020\/revisions"}],"predecessor-version":[{"id":27371,"href":"https:\/\/sapo.ifop.cl\/en\/wp-json\/wp\/v2\/pages\/26020\/revisions\/27371"}],"wp:attachment":[{"href":"https:\/\/sapo.ifop.cl\/en\/wp-json\/wp\/v2\/media?parent=26020"}],"curies":[{"name":"wp","href":"https:\/\/api.w.org\/{rel}","templated":true}]}}